{"id":30,"date":"2026-04-16T19:14:53","date_gmt":"2026-04-16T19:14:53","guid":{"rendered":"https:\/\/radiotaekni.is\/?page_id=30"},"modified":"2026-04-16T19:14:53","modified_gmt":"2026-04-16T19:14:53","slug":"fjarskipti","status":"publish","type":"page","link":"https:\/\/radiotaekni.is\/index.php\/fjarskipti\/","title":{"rendered":"Fjarskipti"},"content":{"rendered":"\n<p>Fjarskipti eru gr\u00ed\u00f0arlega mikilv\u00e6g, s\u00e9r \u00ed lagi \u00e1 \u00feeim t\u00edmum sem vi\u00f0 lifum n\u00fana. Hvort sem ykkur vantar VHF, UHF e\u00f0a LTE talst\u00f6\u00f0varlausnir e\u00f0a langdr\u00e6gar WiFi lausnir \u00fe\u00e1 finnum vi\u00f0 lausn fyrir ykkur. <\/p>\n\n\n\n<p>Lausnir sem vi\u00f0 bj\u00f3\u00f0um upp\u00e1: <br>&#8211; VHF\/UHF Endurvarpar, b\u00e6\u00f0i \u00e1 veiturafmagni sem og \u00e1 s\u00f3lar- e\u00f0a vindorku. <br>&#8211; R\u00e1\u00f0gj\u00f6f og lei\u00f0beiningar um val og kaup \u00e1 b\u00fana\u00f0i<br>&#8211; Loftnetslausnir b\u00e6\u00f0i fyrir fastar st\u00f6\u00f0var sem og farst\u00f6\u00f0var \u00ed farart\u00e6kjum, b\u00e1tum e\u00f0a handst\u00f6\u00f0var.<br>&#8211; S\u00e9rsm\u00ed\u00f0i me\u00f0 vi\u00f0urkenndum b\u00fana\u00f0i fyrir endurvarpa<br>&#8211; Uppsetningar \u00e1 loftnetum og sendib\u00fana\u00f0i.<\/p>\n\n\n\n<p>Hafi\u00f0 samband \u00e1 samuel@radiotaekni.is fyrir fyrirspurnir.<\/p>\n","protected":false},"excerpt":{"rendered":"<p>Fjarskipti eru gr\u00ed\u00f0arlega mikilv\u00e6g, s\u00e9r \u00ed lagi \u00e1 \u00feeim t\u00edmum sem vi\u00f0 lifum n\u00fana. Hvort sem ykkur vantar VHF, UHF e\u00f0a LTE talst\u00f6\u00f0varlausnir e\u00f0a langdr\u00e6gar WiFi lausnir \u00fe\u00e1 finnum vi\u00f0 lausn fyrir ykkur. Lausnir sem vi\u00f0 bj\u00f3\u00f0um upp\u00e1: &#8211; VHF\/UHF Endurvarpar, b\u00e6\u00f0i \u00e1 veiturafmagni sem og \u00e1 s\u00f3lar- e\u00f0a vindorku. &#8211; R\u00e1\u00f0gj\u00f6f og lei\u00f0beiningar um [&hellip;]<\/p>\n","protected":false},"author":1,"featured_media":0,"parent":0,"menu_order":0,"comment_status":"closed","ping_status":"closed","template":"","meta":{"footnotes":""},"class_list":["post-30","page","type-page","status-publish","hentry"],"_links":{"self":[{"href":"https:\/\/radiotaekni.is\/index.php\/wp-json\/wp\/v2\/pages\/30","targetHints":{"allow":["GET"]}}],"collection":[{"href":"https:\/\/radiotaekni.is\/index.php\/wp-json\/wp\/v2\/pages"}],"about":[{"href":"https:\/\/radiotaekni.is\/index.php\/wp-json\/wp\/v2\/types\/page"}],"author":[{"embeddable":true,"href":"https:\/\/radiotaekni.is\/index.php\/wp-json\/wp\/v2\/users\/1"}],"replies":[{"embeddable":true,"href":"https:\/\/radiotaekni.is\/index.php\/wp-json\/wp\/v2\/comments?post=30"}],"version-history":[{"count":1,"href":"https:\/\/radiotaekni.is\/index.php\/wp-json\/wp\/v2\/pages\/30\/revisions"}],"predecessor-version":[{"id":31,"href":"https:\/\/radiotaekni.is\/index.php\/wp-json\/wp\/v2\/pages\/30\/revisions\/31"}],"wp:attachment":[{"href":"https:\/\/radiotaekni.is\/index.php\/wp-json\/wp\/v2\/media?parent=30"}],"curies":[{"name":"wp","href":"https:\/\/api.w.org\/{rel}","templated":true}]}}