{"id":20,"date":"2026-04-07T16:29:16","date_gmt":"2026-04-07T16:29:16","guid":{"rendered":"https:\/\/radiotaekni.is\/index.php\/bilarafmagn\/"},"modified":"2026-04-07T16:33:26","modified_gmt":"2026-04-07T16:33:26","slug":"bilarafmagn","status":"publish","type":"page","link":"https:\/\/radiotaekni.is\/index.php\/bilarafmagn\/","title":{"rendered":"B\u00edlarafmagn"},"content":{"rendered":"\n<p>T\u00f6kum a\u00f0 okkur \u00edsetningar \u00e1 aukarafkerfum, aukalj\u00f3sum, \u00edsetningum \u00e1 talst\u00f6\u00f0vum og fleira.<\/p>\n","protected":false},"excerpt":{"rendered":"<p>T\u00f6kum a\u00f0 okkur \u00edsetningar \u00e1 aukarafkerfum, aukalj\u00f3sum, \u00edsetningum \u00e1 talst\u00f6\u00f0vum og fleira.<\/p>\n","protected":false},"author":1,"featured_media":0,"parent":0,"menu_order":0,"comment_status":"closed","ping_status":"closed","template":"","meta":{"footnotes":""},"class_list":["post-20","page","type-page","status-publish","hentry"],"_links":{"self":[{"href":"https:\/\/radiotaekni.is\/index.php\/wp-json\/wp\/v2\/pages\/20","targetHints":{"allow":["GET"]}}],"collection":[{"href":"https:\/\/radiotaekni.is\/index.php\/wp-json\/wp\/v2\/pages"}],"about":[{"href":"https:\/\/radiotaekni.is\/index.php\/wp-json\/wp\/v2\/types\/page"}],"author":[{"embeddable":true,"href":"https:\/\/radiotaekni.is\/index.php\/wp-json\/wp\/v2\/users\/1"}],"replies":[{"embeddable":true,"href":"https:\/\/radiotaekni.is\/index.php\/wp-json\/wp\/v2\/comments?post=20"}],"version-history":[{"count":2,"href":"https:\/\/radiotaekni.is\/index.php\/wp-json\/wp\/v2\/pages\/20\/revisions"}],"predecessor-version":[{"id":23,"href":"https:\/\/radiotaekni.is\/index.php\/wp-json\/wp\/v2\/pages\/20\/revisions\/23"}],"wp:attachment":[{"href":"https:\/\/radiotaekni.is\/index.php\/wp-json\/wp\/v2\/media?parent=20"}],"curies":[{"name":"wp","href":"https:\/\/api.w.org\/{rel}","templated":true}]}}