{"id":16,"date":"2026-04-07T16:22:43","date_gmt":"2026-04-07T16:22:43","guid":{"rendered":"https:\/\/radiotaekni.is\/?page_id=16"},"modified":"2026-04-07T16:22:43","modified_gmt":"2026-04-07T16:22:43","slug":"urhleypikerfi","status":"publish","type":"page","link":"https:\/\/radiotaekni.is\/index.php\/urhleypikerfi\/","title":{"rendered":"\u00darhleypikerfi"},"content":{"rendered":"\n<p>Bj\u00f3\u00f0um upp \u00e1 \u00edsetningar \u00e1 handvirkum \u00farhleypikerfum, b\u00e6\u00f0i mekan\u00edskum sem og rafst\u00fdr\u00f0um. <\/p>\n","protected":false},"excerpt":{"rendered":"<p>Bj\u00f3\u00f0um upp \u00e1 \u00edsetningar \u00e1 handvirkum \u00farhleypikerfum, b\u00e6\u00f0i mekan\u00edskum sem og rafst\u00fdr\u00f0um.<\/p>\n","protected":false},"author":1,"featured_media":0,"parent":0,"menu_order":0,"comment_status":"closed","ping_status":"closed","template":"","meta":{"footnotes":""},"class_list":["post-16","page","type-page","status-publish","hentry"],"_links":{"self":[{"href":"https:\/\/radiotaekni.is\/index.php\/wp-json\/wp\/v2\/pages\/16","targetHints":{"allow":["GET"]}}],"collection":[{"href":"https:\/\/radiotaekni.is\/index.php\/wp-json\/wp\/v2\/pages"}],"about":[{"href":"https:\/\/radiotaekni.is\/index.php\/wp-json\/wp\/v2\/types\/page"}],"author":[{"embeddable":true,"href":"https:\/\/radiotaekni.is\/index.php\/wp-json\/wp\/v2\/users\/1"}],"replies":[{"embeddable":true,"href":"https:\/\/radiotaekni.is\/index.php\/wp-json\/wp\/v2\/comments?post=16"}],"version-history":[{"count":1,"href":"https:\/\/radiotaekni.is\/index.php\/wp-json\/wp\/v2\/pages\/16\/revisions"}],"predecessor-version":[{"id":17,"href":"https:\/\/radiotaekni.is\/index.php\/wp-json\/wp\/v2\/pages\/16\/revisions\/17"}],"wp:attachment":[{"href":"https:\/\/radiotaekni.is\/index.php\/wp-json\/wp\/v2\/media?parent=16"}],"curies":[{"name":"wp","href":"https:\/\/api.w.org\/{rel}","templated":true}]}}